{"id":1221,"date":"2025-09-30T16:27:35","date_gmt":"2025-09-30T14:27:35","guid":{"rendered":"https:\/\/mornar.hr\/privacy-e-termini-di-utilizzo\/"},"modified":"2025-10-17T15:02:48","modified_gmt":"2025-10-17T13:02:48","slug":"privacy-e-termini-di-utilizzo","status":"publish","type":"page","link":"https:\/\/mornar.hr\/it\/privacy-e-termini-di-utilizzo\/","title":{"rendered":"Privacy e Termini di utilizzo"},"content":{"rendered":"<p>[et_pb_section fb_built=&#8221;1&#8243; _builder_version=&#8221;4.16&#8243; global_colors_info=&#8221;{}&#8221;][et_pb_row _builder_version=&#8221;4.16&#8243; background_size=&#8221;initial&#8221; background_position=&#8221;top_left&#8221; background_repeat=&#8221;repeat&#8221; global_colors_info=&#8221;{}&#8221;][et_pb_column type=&#8221;4_4&#8243; _builder_version=&#8221;4.16&#8243; custom_padding=&#8221;|||&#8221; global_colors_info=&#8221;{}&#8221; custom_padding__hover=&#8221;|||&#8221;][et_pb_text _builder_version=&#8221;4.27.4&#8243; link_font=&#8221;|700|||||||&#8221; background_size=&#8221;initial&#8221; background_position=&#8221;top_left&#8221; background_repeat=&#8221;repeat&#8221; global_colors_info=&#8221;{}&#8221; link_text_color__hover_enabled=&#8221;on|hover&#8221; link_text_color__hover=&#8221;#B83C38&#8243;]<\/p>\n<h3>Raccolta e utilizzo dei dati personali<\/h3>\n<p>I dati personali inseriti dai visitatori al momento della registrazione, dell\u2019invio di richieste tramite il modulo di contatto sul presente sito web, tramite e-mail all\u2019indirizzo <a href=\"mailto:bistro.mornar@yahoo.com\">bistro.mornar@yahoo.com<\/a> o per posta a <strong>SPLENDID &#8211; MORNAR d.o.o.<\/strong>, Riva Boduli 5\/a, Rijeka, vengono utilizzati esclusivamente per la comunicazione futura tra <strong>SPLENDID &#8211; MORNAR d.o.o.<\/strong> e la persona che ha inviato la richiesta.<\/p>\n<p>L\u2019invio dei dati personali \u00e8 volontario e rappresenta il consenso dell\u2019interessato al loro utilizzo ai fini della comunicazione relativa alla gestione della richiesta.<\/p>\n<p>I dati sono conservati nel database di <strong>SPLENDID &#8211; MORNAR d.o.o.<\/strong> in piena conformit\u00e0 al Regolamento generale sulla protezione dei dati [GDPR (UE) 2016\/679].<br \/><strong>SPLENDID &#8211; MORNAR d.o.o.<\/strong> non comunicher\u00e0 i dati personali a terzi, salvo obblighi di legge.<br \/>Sono state adottate misure fisiche, tecniche e organizzative per prevenire la violazione dei dati personali, come la perdita, il danneggiamento o l\u2019accesso non autorizzato. Le misure di sicurezza garantiscono che i dati memorizzati o trasmessi non possano essere letti, copiati, modificati o cancellati senza autorizzazione.<br \/>I dati personali vengono conservati solo per il tempo strettamente necessario.  <\/p>\n<p>Gli interessati hanno il diritto di richiedere l\u2019accesso, la rettifica o la cancellazione dei propri dati personali, nonch\u00e9 di limitare o opporsi al trattamento e di esercitare il diritto alla portabilit\u00e0 dei dati, in conformit\u00e0 al <strong>GDPR (UE) 2016\/679.<\/strong><\/p>\n<p>Le richieste relative a tali diritti devono essere inviate a: <a href=\"mailto:bistro.mornar@yahoo.com\">bistro.mornar@yahoo.com<\/a><br \/><strong>SPLENDID &#8211; MORNAR d.o.o.<\/strong> si riserva il diritto di utilizzare i cookie sul proprio sito web.<\/p>\n<p>Un cookie \u00e8 un\u2019informazione che un sito web memorizza sul computer del visitatore. I cookie salvano preferenze come lingua o indirizzo. Quando il visitatore ritorna sullo stesso sito, il browser invia nuovamente i dati dei cookie. I siti che utilizzano i cookie non possono accedere ad altre informazioni o file presenti sul computer dell\u2019utente.   <\/p>\n<p>Il visitatore pu\u00f2 disabilitare o eliminare i cookie in qualsiasi momento tramite le impostazioni del browser. <\/p>\n<p>Se una persona ritiene che i propri diritti in materia di protezione dei dati siano stati violati, pu\u00f2 presentare un reclamo all\u2019<strong>Agenzia croata per la protezione dei dati personali<\/strong>.<\/p>\n<p>[\/et_pb_text][\/et_pb_column][\/et_pb_row][\/et_pb_section]<\/p>\n","protected":false},"excerpt":{"rendered":"<p>GDPR<\/p>\n","protected":false},"author":3,"featured_media":1010,"parent":0,"menu_order":0,"comment_status":"closed","ping_status":"closed","template":"","meta":{"_et_pb_use_builder":"on","_et_pb_old_content":"","_et_gb_content_width":"","footnotes":""},"class_list":["post-1221","page","type-page","status-publish","has-post-thumbnail","hentry"],"_links":{"self":[{"href":"https:\/\/mornar.hr\/it\/wp-json\/wp\/v2\/pages\/1221","targetHints":{"allow":["GET"]}}],"collection":[{"href":"https:\/\/mornar.hr\/it\/wp-json\/wp\/v2\/pages"}],"about":[{"href":"https:\/\/mornar.hr\/it\/wp-json\/wp\/v2\/types\/page"}],"author":[{"embeddable":true,"href":"https:\/\/mornar.hr\/it\/wp-json\/wp\/v2\/users\/3"}],"replies":[{"embeddable":true,"href":"https:\/\/mornar.hr\/it\/wp-json\/wp\/v2\/comments?post=1221"}],"version-history":[{"count":2,"href":"https:\/\/mornar.hr\/it\/wp-json\/wp\/v2\/pages\/1221\/revisions"}],"predecessor-version":[{"id":1223,"href":"https:\/\/mornar.hr\/it\/wp-json\/wp\/v2\/pages\/1221\/revisions\/1223"}],"wp:featuredmedia":[{"embeddable":true,"href":"https:\/\/mornar.hr\/it\/wp-json\/wp\/v2\/media\/1010"}],"wp:attachment":[{"href":"https:\/\/mornar.hr\/it\/wp-json\/wp\/v2\/media?parent=1221"}],"curies":[{"name":"wp","href":"https:\/\/api.w.org\/{rel}","templated":true}]}}