{"id":1212,"date":"2025-09-30T16:27:35","date_gmt":"2025-09-30T14:27:35","guid":{"rendered":"https:\/\/mornar.hr\/confidentialite-et-conditions-dutilisation\/"},"modified":"2025-10-18T09:32:55","modified_gmt":"2025-10-18T07:32:55","slug":"confidentialite-et-conditions-dutilisation","status":"publish","type":"page","link":"https:\/\/mornar.hr\/fr\/confidentialite-et-conditions-dutilisation\/","title":{"rendered":"Confidentialit\u00e9 et conditions d\u2019utilisation"},"content":{"rendered":"<p>[et_pb_section fb_built=\u00a0\u00bb1&Prime; _builder_version=\u00a0\u00bb4.16&Prime; global_colors_info=\u00a0\u00bb{}\u00a0\u00bb][et_pb_row _builder_version=\u00a0\u00bb4.16&Prime; background_size=\u00a0\u00bbinitial\u00a0\u00bb background_position=\u00a0\u00bbtop_left\u00a0\u00bb background_repeat=\u00a0\u00bbrepeat\u00a0\u00bb global_colors_info=\u00a0\u00bb{}\u00a0\u00bb][et_pb_column type=\u00a0\u00bb4_4&Prime; _builder_version=\u00a0\u00bb4.16&Prime; custom_padding=\u00a0\u00bb|||\u00a0\u00bb global_colors_info=\u00a0\u00bb{}\u00a0\u00bb custom_padding__hover=\u00a0\u00bb|||\u00a0\u00bb][et_pb_text _builder_version=\u00a0\u00bb4.27.4&Prime; link_font=\u00a0\u00bb|700|||||||\u00a0\u00bb background_size=\u00a0\u00bbinitial\u00a0\u00bb background_position=\u00a0\u00bbtop_left\u00a0\u00bb background_repeat=\u00a0\u00bbrepeat\u00a0\u00bb global_colors_info=\u00a0\u00bb{}\u00a0\u00bb link_text_color__hover_enabled=\u00a0\u00bbon|hover\u00a0\u00bb link_text_color__hover=\u00a0\u00bb#B83C38&Prime;]<\/p>\n<h3>Collecte et utilisation des donn\u00e9es personnelles<\/h3>\n<p>Les donn\u00e9es personnelles saisies par les visiteurs lors de l\u2019inscription, de l\u2019envoi de demandes via le formulaire de contact de ce site web, par e-mail \u00e0 <a href=\"mailto:bistro.mornar@yahoo.com\">bistro.mornar@yahoo.com<\/a> ou par courrier \u00e0 <strong>SPLENDID &#8211; MORNAR d.o.o.<\/strong>, Riva Boduli 5\/a, Rijeka, sont utilis\u00e9es exclusivement pour la communication future entre <strong>SPLENDID &#8211; MORNAR d.o.o.<\/strong> et la personne ayant envoy\u00e9 la demande.<\/p>\n<p>La transmission de donn\u00e9es personnelles est volontaire et constitue le consentement de l\u2019exp\u00e9diteur \u00e0 leur utilisation aux fins de communication li\u00e9es au traitement de la demande.<\/p>\n<p>Les donn\u00e9es sont conserv\u00e9es dans la base de donn\u00e9es de <strong>SPLENDID &#8211; MORNAR d.o.o.<\/strong>, en totale conformit\u00e9 avec le R\u00e8glement g\u00e9n\u00e9ral sur la protection des donn\u00e9es [RGPD (UE) 2016\/679].<br \/><strong>SPLENDID &#8211; MORNAR d.o.o. <\/strong>ne divulguera pas de donn\u00e9es personnelles \u00e0 des tiers, sauf en cas d\u2019obligation l\u00e9gale.<br \/>Des mesures physiques, techniques et organisationnelles ont \u00e9t\u00e9 mises en place pour pr\u00e9venir toute violation des donn\u00e9es personnelles, telles que la perte, les dommages, l\u2019acc\u00e8s non autoris\u00e9 ou le traitement illicite. Ces mesures garantissent que les donn\u00e9es stock\u00e9es ou transmises ne peuvent \u00eatre lues, copi\u00e9es, modifi\u00e9es ou supprim\u00e9es sans autorisation.<br \/>Les donn\u00e9es personnelles sont conserv\u00e9es uniquement pendant la dur\u00e9e strictement n\u00e9cessaire.  <\/p>\n<p>Les personnes concern\u00e9es ont le droit de demander l\u2019acc\u00e8s, la rectification ou la suppression de leurs donn\u00e9es personnelles, de limiter ou de s\u2019opposer au traitement, et de demander la portabilit\u00e9 des donn\u00e9es, conform\u00e9ment au <strong>RGPD (UE) 2016\/679<\/strong>.<\/p>\n<p>Les demandes relatives \u00e0 ces droits doivent \u00eatre envoy\u00e9es \u00e0 : <a href=\"mailto:bistro.mornar@yahoo.com\">bistro.mornar@yahoo.com<\/a><br \/><strong>SPLENDID &#8211; MORNAR d.o.o.<\/strong> se r\u00e9serve le droit d\u2019utiliser des cookies sur son site web.<\/p>\n<p>Un cookie est une information qu\u2019un site web enregistre sur l\u2019ordinateur du visiteur. Les cookies stockent des pr\u00e9f\u00e9rences telles que la langue ou l\u2019adresse. Lors d\u2019une visite ult\u00e9rieure, le navigateur renvoie les donn\u00e9es du cookie correspondant. Les sites utilisant des cookies ne peuvent acc\u00e9der \u00e0 aucune autre information ou fichier pr\u00e9sent sur l\u2019ordinateur du visiteur.   <\/p>\n<p>Le visiteur peut d\u00e9sactiver ou supprimer les cookies via les param\u00e8tres de son navigateur. <\/p>\n<p>Si une personne estime que ses droits relatifs \u00e0 la protection des donn\u00e9es ont \u00e9t\u00e9 viol\u00e9s, elle peut d\u00e9poser une plainte aupr\u00e8s de l\u2019<strong>Agence croate de protection des donn\u00e9es personnelles<\/strong>.<\/p>\n<p>[\/et_pb_text][\/et_pb_column][\/et_pb_row][\/et_pb_section]<\/p>\n","protected":false},"excerpt":{"rendered":"<p>GDPR<\/p>\n","protected":false},"author":3,"featured_media":990,"parent":0,"menu_order":0,"comment_status":"closed","ping_status":"closed","template":"","meta":{"_et_pb_use_builder":"on","_et_pb_old_content":"","_et_gb_content_width":"","footnotes":""},"class_list":["post-1212","page","type-page","status-publish","has-post-thumbnail","hentry"],"_links":{"self":[{"href":"https:\/\/mornar.hr\/fr\/wp-json\/wp\/v2\/pages\/1212","targetHints":{"allow":["GET"]}}],"collection":[{"href":"https:\/\/mornar.hr\/fr\/wp-json\/wp\/v2\/pages"}],"about":[{"href":"https:\/\/mornar.hr\/fr\/wp-json\/wp\/v2\/types\/page"}],"author":[{"embeddable":true,"href":"https:\/\/mornar.hr\/fr\/wp-json\/wp\/v2\/users\/3"}],"replies":[{"embeddable":true,"href":"https:\/\/mornar.hr\/fr\/wp-json\/wp\/v2\/comments?post=1212"}],"version-history":[{"count":8,"href":"https:\/\/mornar.hr\/fr\/wp-json\/wp\/v2\/pages\/1212\/revisions"}],"predecessor-version":[{"id":1368,"href":"https:\/\/mornar.hr\/fr\/wp-json\/wp\/v2\/pages\/1212\/revisions\/1368"}],"wp:featuredmedia":[{"embeddable":true,"href":"https:\/\/mornar.hr\/fr\/wp-json\/wp\/v2\/media\/990"}],"wp:attachment":[{"href":"https:\/\/mornar.hr\/fr\/wp-json\/wp\/v2\/media?parent=1212"}],"curies":[{"name":"wp","href":"https:\/\/api.w.org\/{rel}","templated":true}]}}