{"id":1218,"date":"2025-09-30T16:27:35","date_gmt":"2025-09-30T14:27:35","guid":{"rendered":"https:\/\/mornar.hr\/datenschutz-und-nutzungsbedingungen\/"},"modified":"2025-10-17T14:57:11","modified_gmt":"2025-10-17T12:57:11","slug":"datenschutz-und-nutzungsbedingungen","status":"publish","type":"page","link":"https:\/\/mornar.hr\/de\/datenschutz-und-nutzungsbedingungen\/","title":{"rendered":"Datenschutz und Nutzungsbedingungen"},"content":{"rendered":"<p>[et_pb_section fb_built=&#8220;1&#8243; _builder_version=&#8220;4.16&#8243; global_colors_info=&#8220;{}&#8220;][et_pb_row _builder_version=&#8220;4.16&#8243; background_size=&#8220;initial&#8220; background_position=&#8220;top_left&#8220; background_repeat=&#8220;repeat&#8220; global_colors_info=&#8220;{}&#8220;][et_pb_column type=&#8220;4_4&#8243; _builder_version=&#8220;4.16&#8243; custom_padding=&#8220;|||&#8220; global_colors_info=&#8220;{}&#8220; custom_padding__hover=&#8220;|||&#8220;][et_pb_text _builder_version=&#8220;4.27.4&#8243; link_font=&#8220;|700|||||||&#8220; background_size=&#8220;initial&#8220; background_position=&#8220;top_left&#8220; background_repeat=&#8220;repeat&#8220; global_colors_info=&#8220;{}&#8220; link_text_color__hover_enabled=&#8220;on|hover&#8220; link_text_color__hover=&#8220;#B83C38&#8243;]<\/p>\n<h3>Erhebung und Verwendung personenbezogener Daten<\/h3>\n<p>Personenbezogene Daten, die Besucher bei der Anmeldung, beim Absenden von Anfragen \u00fcber das Kontaktformular auf dieser Website, per E-Mail an <a href=\"mailto:bistro.mornar@yahoo.com\">bistro.mornar@yahoo.com<\/a> oder per Post an <strong>SPLENDID &#8211; MORNAR d.o.o.<\/strong>, Riva Boduli 5\/a, Rijeka \u00fcbermitteln, werden ausschlie\u00dflich zur weiteren Kommunikation zwischen <strong>SPLENDID &#8211; MORNAR d.o.o.<\/strong> und der anfragenden Person verwendet.<\/p>\n<p>Die Angabe personenbezogener Daten erfolgt freiwillig und stellt die Einwilligung des Absenders dar, dass diese zum Zweck der Kommunikation im Zusammenhang mit der Bearbeitung der Anfrage verwendet werden d\u00fcrfen.<\/p>\n<p>Die Daten werden in der Datenbank von <strong>SPLENDID &#8211; MORNAR d.o.o.<\/strong> gespeichert und gem\u00e4\u00df der Datenschutz-Grundverordnung [DSGVO (EU) 2016\/679] gesch\u00fctzt.<br \/><strong>SPLENDID &#8211; MORNAR d.o.o.<\/strong> gibt personenbezogene Daten nicht an Dritte weiter, es sei denn, dies ist gesetzlich vorgeschrieben.<br \/>Das Unternehmen hat physische, technische und organisatorische Ma\u00dfnahmen ergriffen, um Datenpannen wie Verlust, Besch\u00e4digung oder unbefugten Zugriff, \u00c4nderung oder Verarbeitung zu verhindern. Diese Sicherheitsma\u00dfnahmen stellen sicher, dass gespeicherte oder \u00fcbertragene Daten nicht ohne Genehmigung gelesen, kopiert, ver\u00e4ndert oder gel\u00f6scht werden k\u00f6nnen.<br \/>Personenbezogene Daten werden nur so lange aufbewahrt, wie dies unbedingt erforderlich ist.  <\/p>\n<p>Betroffene Personen haben das Recht, Zugang zu ihren personenbezogenen Daten zu verlangen, sie zu berichtigen oder zu l\u00f6schen, die Verarbeitung einzuschr\u00e4nken, der Verarbeitung zu widersprechen und das Recht auf Daten\u00fcbertragbarkeit &#8211; alles im Einklang mit der <strong>DSGVO (EU) 2016\/679.<\/strong><\/p>\n<p>Anfragen zu diesen Rechten sind zu richten an: <a href=\"mailto:bistro.mornar@yahoo.com\">bistro.mornar@yahoo.com<\/a><br \/><strong>SPLENDID &#8211; MORNAR d.o.o. <\/strong>beh\u00e4lt sich das Recht vor, Cookies auf seiner Website zu verwenden.<\/p>\n<p>Anfragen zu diesen Rechten sind zu richten an: bistro.mornar@yahoo.com<br \/>SPLENDID &#8211; MORNAR d.o.o. beh\u00e4lt sich das Recht vor, Cookies auf seiner Website zu verwenden.   <\/p>\n<p>Besucher k\u00f6nnen die Speicherung von Cookies in ihrem Browser deaktivieren oder l\u00f6schen. Cookie-Einstellungen k\u00f6nnen in den Browsereinstellungen verwaltet werden. <\/p>\n<p>Wenn Personen der Ansicht sind, dass ihre Datenschutzrechte verletzt wurden, k\u00f6nnen sie eine Beschwerde bei der <strong>Agentur f\u00fcr den Schutz personenbezogener Daten der Republik Kroatien<\/strong> einreichen.<\/p>\n<p>[\/et_pb_text][\/et_pb_column][\/et_pb_row][\/et_pb_section]<\/p>\n","protected":false},"excerpt":{"rendered":"<p>GDPR<\/p>\n","protected":false},"author":3,"featured_media":1000,"parent":0,"menu_order":0,"comment_status":"closed","ping_status":"closed","template":"","meta":{"_et_pb_use_builder":"on","_et_pb_old_content":"","_et_gb_content_width":"","footnotes":""},"class_list":["post-1218","page","type-page","status-publish","has-post-thumbnail","hentry"],"_links":{"self":[{"href":"https:\/\/mornar.hr\/de\/wp-json\/wp\/v2\/pages\/1218","targetHints":{"allow":["GET"]}}],"collection":[{"href":"https:\/\/mornar.hr\/de\/wp-json\/wp\/v2\/pages"}],"about":[{"href":"https:\/\/mornar.hr\/de\/wp-json\/wp\/v2\/types\/page"}],"author":[{"embeddable":true,"href":"https:\/\/mornar.hr\/de\/wp-json\/wp\/v2\/users\/3"}],"replies":[{"embeddable":true,"href":"https:\/\/mornar.hr\/de\/wp-json\/wp\/v2\/comments?post=1218"}],"version-history":[{"count":2,"href":"https:\/\/mornar.hr\/de\/wp-json\/wp\/v2\/pages\/1218\/revisions"}],"predecessor-version":[{"id":1220,"href":"https:\/\/mornar.hr\/de\/wp-json\/wp\/v2\/pages\/1218\/revisions\/1220"}],"wp:featuredmedia":[{"embeddable":true,"href":"https:\/\/mornar.hr\/de\/wp-json\/wp\/v2\/media\/1000"}],"wp:attachment":[{"href":"https:\/\/mornar.hr\/de\/wp-json\/wp\/v2\/media?parent=1218"}],"curies":[{"name":"wp","href":"https:\/\/api.w.org\/{rel}","templated":true}]}}